{"id":797,"date":"2021-04-13T10:27:02","date_gmt":"2021-04-13T10:27:02","guid":{"rendered":"https:\/\/kaptn-suite-ferienhaus.de\/?page_id=797"},"modified":"2021-04-13T10:28:28","modified_gmt":"2021-04-13T10:28:28","slug":"impressum","status":"publish","type":"page","link":"https:\/\/kaptn-suite-ferienhaus.de\/?page_id=797","title":{"rendered":"Impressum"},"content":{"rendered":"\t\t<div data-elementor-type=\"wp-post\" data-elementor-id=\"797\" class=\"elementor elementor-797\" data-elementor-settings=\"[]\">\n\t\t\t<div class=\"elementor-inner\">\n\t\t\t\t<div class=\"elementor-section-wrap\">\n\t\t\t\t\t\t\t<section class=\"elementor-element elementor-element-39feca8 elementor-section-height-min-height elementor-section-boxed elementor-section-height-default elementor-section-items-middle elementor-section elementor-top-section\" data-id=\"39feca8\" data-element_type=\"section\" data-settings=\"{&quot;background_background&quot;:&quot;classic&quot;}\">\n\t\t\t\t\t\t<div class=\"elementor-container elementor-column-gap-default\">\n\t\t\t\t<div class=\"elementor-row\">\n\t\t\t\t<div class=\"elementor-element elementor-element-4cbfe61 elementor-column elementor-col-100 elementor-top-column\" data-id=\"4cbfe61\" data-element_type=\"column\">\n\t\t\t<div class=\"elementor-column-wrap\">\n\t\t\t\t\t<div class=\"elementor-widget-wrap\">\n\t\t\t\t\t\t<\/div>\n\t\t\t<\/div>\n\t\t<\/div>\n\t\t\t\t\t\t<\/div>\n\t\t\t<\/div>\n\t\t<\/section>\n\t\t\t\t<section class=\"elementor-element elementor-element-a818077 elementor-section-full_width elementor-section-height-default elementor-section-height-default elementor-section elementor-top-section\" data-id=\"a818077\" data-element_type=\"section\" data-settings=\"{&quot;background_background&quot;:&quot;classic&quot;}\">\n\t\t\t\t\t\t<div class=\"elementor-container elementor-column-gap-no\">\n\t\t\t\t<div class=\"elementor-row\">\n\t\t\t\t<div class=\"elementor-element elementor-element-88330d1 elementor-column elementor-col-100 elementor-top-column\" data-id=\"88330d1\" data-element_type=\"column\" data-settings=\"{&quot;background_background&quot;:&quot;classic&quot;}\">\n\t\t\t<div class=\"elementor-column-wrap  elementor-element-populated\">\n\t\t\t\t\t<div class=\"elementor-widget-wrap\">\n\t\t\t\t<section class=\"elementor-element elementor-element-71f01ca elementor-section-boxed elementor-section-height-default elementor-section-height-default elementor-section elementor-inner-section\" data-id=\"71f01ca\" data-element_type=\"section\" data-settings=\"{&quot;background_background&quot;:&quot;classic&quot;}\">\n\t\t\t\t\t\t\t<div class=\"elementor-background-overlay\"><\/div>\n\t\t\t\t\t\t\t<div class=\"elementor-container elementor-column-gap-default\">\n\t\t\t\t<div class=\"elementor-row\">\n\t\t\t\t<div class=\"elementor-element elementor-element-9959658 elementor-column elementor-col-100 elementor-inner-column\" data-id=\"9959658\" data-element_type=\"column\">\n\t\t\t<div class=\"elementor-column-wrap  elementor-element-populated\">\n\t\t\t\t\t<div class=\"elementor-widget-wrap\">\n\t\t\t\t<div class=\"elementor-element elementor-element-0aff219 elementor-widget elementor-widget-jet-headline\" data-id=\"0aff219\" data-element_type=\"widget\" data-widget_type=\"jet-headline.default\">\n\t\t\t\t<div class=\"elementor-widget-container\">\n\t\t\t<h2 class=\"jet-headline jet-headline--direction-horizontal\"><span class=\"jet-headline__part jet-headline__first\"><span class=\"jet-headline__label\">Unser<\/span><\/span><span class=\"jet-headline__space\">&nbsp;<\/span><span class=\"jet-headline__part jet-headline__second\"><span class=\"jet-headline__label\">IMPRESSUM<\/span><\/span><\/h2>\t\t<\/div>\n\t\t\t\t<\/div>\n\t\t\t\t<div class=\"elementor-element elementor-element-ed79c4e elementor-widget elementor-widget-text-editor\" data-id=\"ed79c4e\" data-element_type=\"widget\" data-widget_type=\"text-editor.default\">\n\t\t\t\t<div class=\"elementor-widget-container\">\n\t\t\t\t\t<div class=\"elementor-text-editor elementor-clearfix\"><section class=\"elementor-section elementor-top-section elementor-element elementor-element-b07855f elementor-section-stretched elementor-section-boxed elementor-section-height-default elementor-section-height-default\" data-id=\"b07855f\" data-element_type=\"section\" data-settings=\"{\"><div class=\"elementor-container elementor-column-gap-default\"><div class=\"elementor-row\"><div class=\"elementor-column elementor-col-100 elementor-top-column elementor-element elementor-element-88af4ed\" data-id=\"88af4ed\" data-element_type=\"column\"><div class=\"elementor-column-wrap elementor-element-populated\"><div class=\"elementor-widget-wrap\"><div class=\"elementor-element elementor-element-e2b6ad5 elementor-widget elementor-widget-text-editor\" data-id=\"e2b6ad5\" data-element_type=\"widget\" data-widget_type=\"text-editor.default\"><div class=\"elementor-widget-container\"><div class=\"elementor-text-editor elementor-clearfix\"><section class=\"elementor-section elementor-top-section elementor-element elementor-element-b07855f elementor-section-stretched elementor-section-boxed elementor-section-height-default elementor-section-height-default\" data-id=\"b07855f\" data-element_type=\"section\" data-settings=\"{&quot;stretch_section&quot;:&quot;section-stretched&quot;}\"><div class=\"elementor-container elementor-column-gap-default\"><div class=\"elementor-row\"><div class=\"elementor-column elementor-col-100 elementor-top-column elementor-element elementor-element-88af4ed\" data-id=\"88af4ed\" data-element_type=\"column\"><div class=\"elementor-column-wrap elementor-element-populated\"><div class=\"elementor-widget-wrap\"><div class=\"elementor-element elementor-element-e2b6ad5 elementor-widget elementor-widget-text-editor\" data-id=\"e2b6ad5\" data-element_type=\"widget\" data-widget_type=\"text-editor.default\"><div class=\"elementor-widget-container\"><div class=\"elementor-text-editor elementor-clearfix\"><header><h2 class=\"\">Impressum<\/h2><\/header><h3>1) Verantworlich f\u00fcr diese Webpr\u00e4senz<\/h3><p>Blockhausbau Schnieders GmbH<br \/>Vertretungsberechtigter Gesch\u00e4ftsf\u00fchrer: Albert Schnieders<br \/>\u00a0<\/p><p>Registergericht: Amtsgericht Osnabr\u00fcck<br \/>Registernummer: HRB 121173<br \/>USt-IdNr.: DE 116961789<br \/>\u00a0<\/p><p>Uml\u00e4nderwiek links 33<br \/>26871 Papenburg<br \/>\u00a0<\/p><p>Tel.: 04961 \/ 73 455<br \/>Fax: 04961 \/ 74 346<br \/>Email: webmaster (at) blockhausbau (dot) de<\/p><h3>2) Copyright<\/h3><p>Text- und Bildelemente unterliegen, sofern nicht anders deklariert, dem geistigen Eigentum der Blockhausbau Schnieders GmbH; Design und technische Inhalte dieser Webseiten unterliegen, sofern nicht anders deklariert, dem geistigen Eigentum von GEIGER it-solutions (www.geiger-its.de). Sie d\u00fcrfen ohne schriftliche Genehmigung nicht zu privaten oder gesch\u00e4ftlichen Zwecken kopiert, ver\u00e4ndert oder gar publiziert werden. Alle auf diesen Seiten erw\u00e4hnten Produktnamen, -fotos u.\u00e4. sowie eingetragene oder nicht eingetragene Warenzeichen sind nur zum Zwecke der Identifizierung erw\u00e4hnt und sind das ausschlie\u00dfliche Eigentum ihrer Halter. Verlinkungen auf Teilbereiche dieser Pr\u00e4senz sind ausdr\u00fccklich nur dann zul\u00e4ssig, sofern der gelinkte Inhalt noch als Teil dieser Pr\u00e4senz zu erkennen und auch als solcher zu nutzen ist. Das Anzeigen von Inhalten dieser Webseiten in Frames wird technisch unterbunden.<\/p><h3>3) Haftung f\u00fcr Inhalte<\/h3><p>Die Inhalte unserer Seiten wurden mit gr\u00f6\u00dfter Sorgfalt erstellt. F\u00fcr die Richtigkeit, Vollst\u00e4ndigkeit und Aktualit\u00e4t der Inhalte k\u00f6nnen wir jedoch keine Gew\u00e4hr \u00fcbernehmen. Als Diensteanbieter sind wir gem\u00e4\u00df \u00c2\u00a7 6 Abs.1 MDStV und \u00c2\u00a7 8 Abs.1 TDG f\u00fcr eigene Inhalte auf diesen Seiten nach den allgemeinen Gesetzen verantwortlich. Diensteanbieter sind jedoch nicht verpflichtet, die von ihnen \u00fcbermittelten oder gespeicherten fremden Informationen zu \u00fcberwachen oder nach Umst\u00e4nden zu forschen, die auf eine rechtswidrige T\u00e4tigkeit hinweisen. Verpflichtungen zur Entfernung oder Sperrung der Nutzung von Informationen nach den allgemeinen Gesetzen bleiben hiervon unber\u00fchrt. Eine diesbez\u00fcgliche Haftung ist jedoch erst ab dem Zeitpunkt der Kenntnis einer konkreten Rechtsverletzung m\u00f6glich. Bei bekannt werden von entsprechenden Rechtsverletzungen werden wir diese Inhalte umgehend entfernen.<\/p><h3>4) Haftung f\u00fcr Links<\/h3><p>Unser Angebot enth\u00e4lt Links zu externen Webseiten Dritter, auf deren Inhalte wir keinen Einfluss haben. Deshalb k\u00f6nnen wir f\u00fcr diese fremden Inhalte auch keine Gew\u00e4hr \u00fcbernehmen. F\u00fcr die Inhalte der verlinkten Seiten ist stets der jeweilige Anbieter oder Betreiber der Seiten verantwortlich. Die verlinkten Seiten wurden zum Zeitpunkt der Verlinkung auf m\u00f6gliche Rechtsverst\u00f6\u00dfe \u00fcberpr\u00fcft. Rechtswidrige Inhalte waren zum Zeitpunkt der Verlinkung nicht erkennbar. Eine permanente inhaltliche Kontrolle der verlinkten Seiten ist jedoch ohne konkrete Anhaltspunkte einer Rechtsverletzung nicht zumutbar. Bei bekannt werden von Rechtsverletzungen werden wir derartige Links umgehend entfernen.<\/p><\/div><\/div><\/div><\/div><\/div><\/div><\/div><\/div><\/section><\/div><\/div><\/div><\/div><\/div><\/div><\/div><\/div><\/section><\/div>\n\t\t\t\t<\/div>\n\t\t\t\t<\/div>\n\t\t\t\t\t\t<\/div>\n\t\t\t<\/div>\n\t\t<\/div>\n\t\t\t\t\t\t<\/div>\n\t\t\t<\/div>\n\t\t<\/section>\n\t\t\t\t\t\t<\/div>\n\t\t\t<\/div>\n\t\t<\/div>\n\t\t\t\t\t\t<\/div>\n\t\t\t<\/div>\n\t\t<\/section>\n\t\t\t\t\t\t<\/div>\n\t\t\t<\/div>\n\t\t<\/div>\n\t\t","protected":false},"excerpt":{"rendered":"<p>Unser&nbsp;IMPRESSUM Impressum 1) Verantworlich f\u00fcr diese Webpr\u00e4senz Blockhausbau Schnieders GmbHVertretungsberechtigter Gesch\u00e4ftsf\u00fchrer: Albert Schnieders\u00a0 Registergericht: Amtsgericht Osnabr\u00fcckRegisternummer: HRB 121173USt-IdNr.: DE 116961789\u00a0 Uml\u00e4nderwiek links 3326871 Papenburg\u00a0 Tel.: 04961 \/ 73 455Fax: 04961 \/ 74 346Email: webmaster (at) blockhausbau (dot) de 2) Copyright Text- und Bildelemente unterliegen, sofern nicht anders deklariert, dem geistigen Eigentum der Blockhausbau Schnieders GmbH; [&hellip;]<\/p>\n","protected":false},"author":2,"featured_media":0,"parent":0,"menu_order":0,"comment_status":"closed","ping_status":"closed","template":"elementor_header_footer","meta":{"footnotes":""},"class_list":["post-797","page","type-page","status-publish","hentry","no-thumb"],"yoast_head":"<!-- This site is optimized with the Yoast SEO plugin v25.7 - https:\/\/yoast.com\/wordpress\/plugins\/seo\/ -->\n<title>Impressum - K\u00e4pt`n Suite<\/title>\n<meta name=\"robots\" content=\"index, follow, max-snippet:-1, max-image-preview:large, max-video-preview:-1\" \/>\n<link rel=\"canonical\" href=\"https:\/\/kaptn-suite-ferienhaus.de\/?page_id=797\" \/>\n<meta property=\"og:locale\" content=\"de_DE\" \/>\n<meta property=\"og:type\" content=\"article\" \/>\n<meta property=\"og:title\" content=\"Impressum - K\u00e4pt`n Suite\" \/>\n<meta property=\"og:description\" content=\"Unser&nbsp;IMPRESSUM Impressum 1) Verantworlich f\u00fcr diese Webpr\u00e4senz Blockhausbau Schnieders GmbHVertretungsberechtigter Gesch\u00e4ftsf\u00fchrer: Albert Schnieders\u00a0 Registergericht: Amtsgericht Osnabr\u00fcckRegisternummer: HRB 121173USt-IdNr.: DE 116961789\u00a0 Uml\u00e4nderwiek links 3326871 Papenburg\u00a0 Tel.: 04961 \/ 73 455Fax: 04961 \/ 74 346Email: webmaster (at) blockhausbau (dot) de 2) Copyright Text- und Bildelemente unterliegen, sofern nicht anders deklariert, dem geistigen Eigentum der Blockhausbau Schnieders GmbH; [&hellip;]\" \/>\n<meta property=\"og:url\" content=\"https:\/\/kaptn-suite-ferienhaus.de\/?page_id=797\" \/>\n<meta property=\"og:site_name\" content=\"K\u00e4pt`n Suite\" \/>\n<meta property=\"article:modified_time\" content=\"2021-04-13T10:28:28+00:00\" \/>\n<meta name=\"twitter:card\" content=\"summary_large_image\" \/>\n<meta name=\"twitter:label1\" content=\"Gesch\u00e4tzte Lesezeit\" \/>\n\t<meta name=\"twitter:data1\" content=\"2\u00a0Minuten\" \/>\n<script type=\"application\/ld+json\" class=\"yoast-schema-graph\">{\"@context\":\"https:\/\/schema.org\",\"@graph\":[{\"@type\":\"WebPage\",\"@id\":\"https:\/\/kaptn-suite-ferienhaus.de\/?page_id=797\",\"url\":\"https:\/\/kaptn-suite-ferienhaus.de\/?page_id=797\",\"name\":\"Impressum - K\u00e4pt`n Suite\",\"isPartOf\":{\"@id\":\"https:\/\/kaptn-suite-ferienhaus.de\/#website\"},\"datePublished\":\"2021-04-13T10:27:02+00:00\",\"dateModified\":\"2021-04-13T10:28:28+00:00\",\"breadcrumb\":{\"@id\":\"https:\/\/kaptn-suite-ferienhaus.de\/?page_id=797#breadcrumb\"},\"inLanguage\":\"de\",\"potentialAction\":[{\"@type\":\"ReadAction\",\"target\":[\"https:\/\/kaptn-suite-ferienhaus.de\/?page_id=797\"]}]},{\"@type\":\"BreadcrumbList\",\"@id\":\"https:\/\/kaptn-suite-ferienhaus.de\/?page_id=797#breadcrumb\",\"itemListElement\":[{\"@type\":\"ListItem\",\"position\":1,\"name\":\"Home\",\"item\":\"https:\/\/kaptn-suite-ferienhaus.de\/\"},{\"@type\":\"ListItem\",\"position\":2,\"name\":\"Impressum\"}]},{\"@type\":\"WebSite\",\"@id\":\"https:\/\/kaptn-suite-ferienhaus.de\/#website\",\"url\":\"https:\/\/kaptn-suite-ferienhaus.de\/\",\"name\":\"K\u00e4pt`n Suite\",\"description\":\"Ferienhaus in Papenburg, Niedersachsen\",\"publisher\":{\"@id\":\"https:\/\/kaptn-suite-ferienhaus.de\/#organization\"},\"potentialAction\":[{\"@type\":\"SearchAction\",\"target\":{\"@type\":\"EntryPoint\",\"urlTemplate\":\"https:\/\/kaptn-suite-ferienhaus.de\/?s={search_term_string}\"},\"query-input\":{\"@type\":\"PropertyValueSpecification\",\"valueRequired\":true,\"valueName\":\"search_term_string\"}}],\"inLanguage\":\"de\"},{\"@type\":\"Organization\",\"@id\":\"https:\/\/kaptn-suite-ferienhaus.de\/#organization\",\"name\":\"K\u00e4pt`n Suite\",\"url\":\"https:\/\/kaptn-suite-ferienhaus.de\/\",\"logo\":{\"@type\":\"ImageObject\",\"inLanguage\":\"de\",\"@id\":\"https:\/\/kaptn-suite-ferienhaus.de\/#\/schema\/logo\/image\/\",\"url\":\"https:\/\/kaptn-suite-ferienhaus.de\/wp-content\/uploads\/2021\/04\/Logo.svg\",\"contentUrl\":\"https:\/\/kaptn-suite-ferienhaus.de\/wp-content\/uploads\/2021\/04\/Logo.svg\",\"width\":588.38,\"height\":275.58,\"caption\":\"K\u00e4pt`n Suite\"},\"image\":{\"@id\":\"https:\/\/kaptn-suite-ferienhaus.de\/#\/schema\/logo\/image\/\"}}]}<\/script>\n<!-- \/ Yoast SEO plugin. -->","yoast_head_json":{"title":"Impressum - K\u00e4pt`n Suite","robots":{"index":"index","follow":"follow","max-snippet":"max-snippet:-1","max-image-preview":"max-image-preview:large","max-video-preview":"max-video-preview:-1"},"canonical":"https:\/\/kaptn-suite-ferienhaus.de\/?page_id=797","og_locale":"de_DE","og_type":"article","og_title":"Impressum - K\u00e4pt`n Suite","og_description":"Unser&nbsp;IMPRESSUM Impressum 1) Verantworlich f\u00fcr diese Webpr\u00e4senz Blockhausbau Schnieders GmbHVertretungsberechtigter Gesch\u00e4ftsf\u00fchrer: Albert Schnieders\u00a0 Registergericht: Amtsgericht Osnabr\u00fcckRegisternummer: HRB 121173USt-IdNr.: DE 116961789\u00a0 Uml\u00e4nderwiek links 3326871 Papenburg\u00a0 Tel.: 04961 \/ 73 455Fax: 04961 \/ 74 346Email: webmaster (at) blockhausbau (dot) de 2) Copyright Text- und Bildelemente unterliegen, sofern nicht anders deklariert, dem geistigen Eigentum der Blockhausbau Schnieders GmbH; [&hellip;]","og_url":"https:\/\/kaptn-suite-ferienhaus.de\/?page_id=797","og_site_name":"K\u00e4pt`n Suite","article_modified_time":"2021-04-13T10:28:28+00:00","twitter_card":"summary_large_image","twitter_misc":{"Gesch\u00e4tzte Lesezeit":"2\u00a0Minuten"},"schema":{"@context":"https:\/\/schema.org","@graph":[{"@type":"WebPage","@id":"https:\/\/kaptn-suite-ferienhaus.de\/?page_id=797","url":"https:\/\/kaptn-suite-ferienhaus.de\/?page_id=797","name":"Impressum - K\u00e4pt`n Suite","isPartOf":{"@id":"https:\/\/kaptn-suite-ferienhaus.de\/#website"},"datePublished":"2021-04-13T10:27:02+00:00","dateModified":"2021-04-13T10:28:28+00:00","breadcrumb":{"@id":"https:\/\/kaptn-suite-ferienhaus.de\/?page_id=797#breadcrumb"},"inLanguage":"de","potentialAction":[{"@type":"ReadAction","target":["https:\/\/kaptn-suite-ferienhaus.de\/?page_id=797"]}]},{"@type":"BreadcrumbList","@id":"https:\/\/kaptn-suite-ferienhaus.de\/?page_id=797#breadcrumb","itemListElement":[{"@type":"ListItem","position":1,"name":"Home","item":"https:\/\/kaptn-suite-ferienhaus.de\/"},{"@type":"ListItem","position":2,"name":"Impressum"}]},{"@type":"WebSite","@id":"https:\/\/kaptn-suite-ferienhaus.de\/#website","url":"https:\/\/kaptn-suite-ferienhaus.de\/","name":"K\u00e4pt`n Suite","description":"Ferienhaus in Papenburg, Niedersachsen","publisher":{"@id":"https:\/\/kaptn-suite-ferienhaus.de\/#organization"},"potentialAction":[{"@type":"SearchAction","target":{"@type":"EntryPoint","urlTemplate":"https:\/\/kaptn-suite-ferienhaus.de\/?s={search_term_string}"},"query-input":{"@type":"PropertyValueSpecification","valueRequired":true,"valueName":"search_term_string"}}],"inLanguage":"de"},{"@type":"Organization","@id":"https:\/\/kaptn-suite-ferienhaus.de\/#organization","name":"K\u00e4pt`n Suite","url":"https:\/\/kaptn-suite-ferienhaus.de\/","logo":{"@type":"ImageObject","inLanguage":"de","@id":"https:\/\/kaptn-suite-ferienhaus.de\/#\/schema\/logo\/image\/","url":"https:\/\/kaptn-suite-ferienhaus.de\/wp-content\/uploads\/2021\/04\/Logo.svg","contentUrl":"https:\/\/kaptn-suite-ferienhaus.de\/wp-content\/uploads\/2021\/04\/Logo.svg","width":588.38,"height":275.58,"caption":"K\u00e4pt`n Suite"},"image":{"@id":"https:\/\/kaptn-suite-ferienhaus.de\/#\/schema\/logo\/image\/"}}]}},"_links":{"self":[{"href":"https:\/\/kaptn-suite-ferienhaus.de\/index.php?rest_route=\/wp\/v2\/pages\/797","targetHints":{"allow":["GET"]}}],"collection":[{"href":"https:\/\/kaptn-suite-ferienhaus.de\/index.php?rest_route=\/wp\/v2\/pages"}],"about":[{"href":"https:\/\/kaptn-suite-ferienhaus.de\/index.php?rest_route=\/wp\/v2\/types\/page"}],"author":[{"embeddable":true,"href":"https:\/\/kaptn-suite-ferienhaus.de\/index.php?rest_route=\/wp\/v2\/users\/2"}],"replies":[{"embeddable":true,"href":"https:\/\/kaptn-suite-ferienhaus.de\/index.php?rest_route=%2Fwp%2Fv2%2Fcomments&post=797"}],"version-history":[{"count":3,"href":"https:\/\/kaptn-suite-ferienhaus.de\/index.php?rest_route=\/wp\/v2\/pages\/797\/revisions"}],"predecessor-version":[{"id":800,"href":"https:\/\/kaptn-suite-ferienhaus.de\/index.php?rest_route=\/wp\/v2\/pages\/797\/revisions\/800"}],"wp:attachment":[{"href":"https:\/\/kaptn-suite-ferienhaus.de\/index.php?rest_route=%2Fwp%2Fv2%2Fmedia&parent=797"}],"curies":[{"name":"wp","href":"https:\/\/api.w.org\/{rel}","templated":true}]}}